{"id":6996,"date":"2019-02-10T14:31:30","date_gmt":"2019-02-10T14:31:30","guid":{"rendered":"http:\/\/www.kimwilde.fr\/v2\/?page_id=6996"},"modified":"2023-01-08T15:30:14","modified_gmt":"2023-01-08T15:30:14","slug":"kim-wilde-fan-club-news-vol-6-n-2","status":"publish","type":"page","link":"https:\/\/www.kimwilde.fr\/v2\/kim-wilde-fan-club-news-vol-6-n-2\/","title":{"rendered":"Kim Wilde Fan Club News Vol 6 N\u00b0 2"},"content":{"rendered":"<p><a href=\"https:\/\/www.kimwilde.fr\/v2\/wp-content\/uploads\/2019\/02\/vol-6-no2.jpg\"><img loading=\"lazy\" decoding=\"async\" class=\"alignleft size-medium wp-image-6997\" src=\"https:\/\/www.kimwilde.fr\/v2\/wp-content\/uploads\/2019\/02\/vol-6-no2-213x300.jpg\" alt=\"\" width=\"213\" height=\"300\" srcset=\"https:\/\/www.kimwilde.fr\/v2\/wp-content\/uploads\/2019\/02\/vol-6-no2-213x300.jpg 213w, https:\/\/www.kimwilde.fr\/v2\/wp-content\/uploads\/2019\/02\/vol-6-no2.jpg 500w\" sizes=\"auto, (max-width: 213px) 100vw, 213px\" \/><\/a>Lettre de Kim :<\/p>\n<p><em>Salut, eh bien j&rsquo;ai un hit au Royaume-Uni, num\u00e9ro 6 cette semaine, et on dirait bien que je vais rentrer dans le \u00ab\u00a0<\/em><em>Top 5&Prime;<\/em><em> la semaine prochaine. Bonnes nouvelles dans le reste de l&rsquo;Europe aussi, bien que le single semble prendre plus de temps pour percer. Cependant la tourn\u00e9e commence bient\u00f4t, alors je serai l\u00e0 pour vous le rappeler personnellement !<\/em><\/p>\n<p><em>Les pr\u00e9parations de la tourn\u00e9e ont \u00e9t\u00e9 un travail intense et dur, essayer de caser dans mon agenda des promotions sans fin, et une chanson dont le succ\u00e8s a \u00e9t\u00e9 tr\u00e8s bienvenu. Rien \u00e0 redire ici. Tout le monde est souriant, et nous vidons beaucoup de bouteilles de champagne dans des bouches tr\u00e8s reconnaissantes ! <\/em><\/p>\n<p><em>Merci pour toutes vos cartes d&rsquo;anniversaire, et les lettres me disant ce que vous pensez du nouvel album, j\u2019en suis tr\u00e8s fi\u00e8re et sachez qu&rsquo;il y a exactement 20 ans au mois d\u2019octobre que \u00ab\u00a0You keep me hangin\u2019 on\u00a0\u00bb a \u00e9t\u00e9<\/em><em> un succ\u00e8s pour Diana Ross et les Supremes, et il a seulement \u00e9t\u00e9 class\u00e9 num\u00e9ro 8 ici \u00e0 l&rsquo;\u00e9poque, int\u00e9ressant hein !<\/em><\/p>\n<p><em>Bien, d\u00e8s que la tourn\u00e9e se termine, je pars au Japon et en Australie, je suis vraiment impatiente d\u2019y \u00eatre, et puis \u00e0 la maison pour No\u00ebl avec ma famille, avant des vacances au ski pendant une semaine d\u00e9but Janvier. <\/em><\/p>\n<p><em>En attendant, je suis impatiente de rencontrer certains d&rsquo;entre vous sur la tourn\u00e9e. Je vous souhaite le meilleur des No\u00ebls, beaucoup de plaisir et tout ce que vous voulez, vous me faites me sentir num\u00e9ro un, que je sois dans les charts ou non !<br \/>\n<\/em><\/p>\n<p><em>Amour et baisers. <\/em><\/p>\n<p><em>Kim x.<\/em><\/p>\n<div class=\"csRow\">\n<div class=\"csColumnGap\" style=\"margin: 0px; padding: 0px; float: left; width: 1.56%;\"><img decoding=\"async\" style=\"border: none;\" src=\"https:\/\/www.kimwilde.fr\/v2\/wp-content\/plugins\/advanced-wp-columns\/assets\/js\/plugins\/views\/img\/1x1-pixel.png\" \/><\/div>\n<div class=\"csColumn\" style=\"margin: 0px; padding: 0px; float: left; width: 19.2%;\" data-csstartpoint=\"15.005683907348633\" data-csendpoint=\"198.98294831164552\" data-cswidth=\"19.2%\" data-csid=\"f4939530-db92-4e59-b63b-fd2db2ad0e01\">\n<p><a href=\"https:\/\/www.kimwilde.fr\/v2\/wp-content\/uploads\/2019\/02\/vol-6-no2-a.png\"><img loading=\"lazy\" decoding=\"async\" class=\"alignleft size-medium wp-image-6998\" src=\"https:\/\/www.kimwilde.fr\/v2\/wp-content\/uploads\/2019\/02\/vol-6-no2-a-300x219.png\" alt=\"\" width=\"300\" height=\"219\" srcset=\"https:\/\/www.kimwilde.fr\/v2\/wp-content\/uploads\/2019\/02\/vol-6-no2-a-300x219.png 300w, https:\/\/www.kimwilde.fr\/v2\/wp-content\/uploads\/2019\/02\/vol-6-no2-a.png 720w\" sizes=\"auto, (max-width: 300px) 100vw, 300px\" \/><\/a><\/p>\n<\/div>\n<div class=\"csColumn\" style=\"margin: 0px; padding: 0px; float: left; width: 17%;\" data-csstartpoint=\"198.98294831164552\" data-csendpoint=\"361.98011017687986\" data-cswidth=\"17.0%\" data-csid=\"f3066941-2098-e72b-8378-ad15d0e8802b\">\n<p><a href=\"https:\/\/www.kimwilde.fr\/v2\/wp-content\/uploads\/2019\/02\/vol-6-no2-b.png\"><img loading=\"lazy\" decoding=\"async\" class=\"alignleft size-full wp-image-6999\" src=\"https:\/\/www.kimwilde.fr\/v2\/wp-content\/uploads\/2019\/02\/vol-6-no2-b.png\" alt=\"\" width=\"227\" height=\"226\" srcset=\"https:\/\/www.kimwilde.fr\/v2\/wp-content\/uploads\/2019\/02\/vol-6-no2-b.png 227w, https:\/\/www.kimwilde.fr\/v2\/wp-content\/uploads\/2019\/02\/vol-6-no2-b-150x150.png 150w, https:\/\/www.kimwilde.fr\/v2\/wp-content\/uploads\/2019\/02\/vol-6-no2-b-100x100.png 100w\" sizes=\"auto, (max-width: 227px) 100vw, 227px\" \/><\/a><\/p>\n<\/div>\n<div class=\"csColumn\" style=\"margin: 0px; padding: 0px; float: left; width: 16.9%;\" data-csstartpoint=\"361.98011017687986\" data-csendpoint=\"523.9403152550049\" data-cswidth=\"16.9%\" data-csid=\"ba82e73d-da90-bbd1-9702-56061e4b5cec\">\n<p><a href=\"https:\/\/www.kimwilde.fr\/v2\/wp-content\/uploads\/2019\/02\/vol-6-no2-b2.png\"><img loading=\"lazy\" decoding=\"async\" class=\"alignleft size-full wp-image-7000\" src=\"https:\/\/www.kimwilde.fr\/v2\/wp-content\/uploads\/2019\/02\/vol-6-no2-b2.png\" alt=\"\" width=\"197\" height=\"209\" \/><\/a><\/p>\n<\/div>\n<div class=\"csColumnGap\" style=\"margin: 0px; padding: 0px; float: left; width: 0.00592%;\"><img decoding=\"async\" style=\"border: none;\" src=\"https:\/\/www.kimwilde.fr\/v2\/wp-content\/plugins\/advanced-wp-columns\/assets\/js\/plugins\/views\/img\/1x1-pixel.png\" \/><\/div>\n<div class=\"csColumn\" style=\"margin: 0px; padding: 0px; float: left; width: 24.4%;\" data-csstartpoint=\"523.9971389854736\" data-csendpoint=\"757.9885940635986\" data-cswidth=\"24.4%\" data-csid=\"421a6fe6-00f3-ba5e-b537-a4aa506085a6\">\n<p><a href=\"https:\/\/www.kimwilde.fr\/v2\/wp-content\/uploads\/2019\/02\/vol-6-no2-c.png\"><img loading=\"lazy\" decoding=\"async\" class=\"alignleft size-medium wp-image-7001\" src=\"https:\/\/www.kimwilde.fr\/v2\/wp-content\/uploads\/2019\/02\/vol-6-no2-c-300x203.png\" alt=\"\" width=\"300\" height=\"203\" srcset=\"https:\/\/www.kimwilde.fr\/v2\/wp-content\/uploads\/2019\/02\/vol-6-no2-c-300x203.png 300w, https:\/\/www.kimwilde.fr\/v2\/wp-content\/uploads\/2019\/02\/vol-6-no2-c-768x519.png 768w, https:\/\/www.kimwilde.fr\/v2\/wp-content\/uploads\/2019\/02\/vol-6-no2-c-1024x692.png 1024w, https:\/\/www.kimwilde.fr\/v2\/wp-content\/uploads\/2019\/02\/vol-6-no2-c.png 1057w\" sizes=\"auto, (max-width: 300px) 100vw, 300px\" \/><\/a><\/p>\n<\/div>\n<div class=\"csColumnGap\" style=\"margin: 0px; padding: 0px; float: left; width: 0.314%;\"><img decoding=\"async\" style=\"border: none;\" src=\"https:\/\/www.kimwilde.fr\/v2\/wp-content\/plugins\/advanced-wp-columns\/assets\/js\/plugins\/views\/img\/1x1-pixel.png\" \/><\/div>\n<div class=\"csColumn\" style=\"margin: 0px; padding: 0px; float: left; width: 19.1%;\" data-csstartpoint=\"760.9999466026611\" data-csendpoint=\"943.9829177940674\" data-cswidth=\"19.1%\" data-csid=\"2f4b9fe3-f87d-5e4d-add7-9d1d95874d8d\">\n<p><a href=\"https:\/\/www.kimwilde.fr\/v2\/wp-content\/uploads\/2019\/02\/vol-6-no2-e.png\"><img loading=\"lazy\" decoding=\"async\" class=\"alignleft size-medium wp-image-7002\" src=\"https:\/\/www.kimwilde.fr\/v2\/wp-content\/uploads\/2019\/02\/vol-6-no2-e-300x237.png\" alt=\"\" width=\"300\" height=\"237\" srcset=\"https:\/\/www.kimwilde.fr\/v2\/wp-content\/uploads\/2019\/02\/vol-6-no2-e-300x237.png 300w, https:\/\/www.kimwilde.fr\/v2\/wp-content\/uploads\/2019\/02\/vol-6-no2-e.png 663w\" sizes=\"auto, (max-width: 300px) 100vw, 300px\" \/><\/a><\/p>\n<\/div>\n<div class=\"csColumnGap\" style=\"margin: 0px; padding: 0px; float: left; width: 1.67%;\"><img decoding=\"async\" style=\"border: none;\" src=\"https:\/\/www.kimwilde.fr\/v2\/wp-content\/plugins\/advanced-wp-columns\/assets\/js\/plugins\/views\/img\/1x1-pixel.png\" \/><\/div>\n<div style=\"clear: both; float: none; display: block; visibility: hidden; width: 0px; font-size: 0px; line-height: 0;\"><\/div>\n<\/div>\n","protected":false},"excerpt":{"rendered":"<p class=\"excerpt\">Lettre de Kim : Salut, eh bien j&rsquo;ai un hit au Royaume-Uni, num\u00e9ro 6 cette semaine, et on dirait bien que je vais rentrer dans le \u00ab\u00a0Top 5&Prime; la semaine prochaine. Bonnes nouvelles dans le reste de l&rsquo;Europe aussi, bien que le single semble prendre plus de temps pour percer. Cependant la tourn\u00e9e commence bient\u00f4t, alors je serai l\u00e0 pour&hellip; <a href=\"https:\/\/www.kimwilde.fr\/v2\/kim-wilde-fan-club-news-vol-6-n-2\/\">Lire plus &rarr;<\/a><\/p>\n","protected":false},"author":1,"featured_media":0,"parent":0,"menu_order":0,"comment_status":"closed","ping_status":"closed","template":"","meta":{"om_disable_all_campaigns":false,"_monsterinsights_skip_tracking":false,"_monsterinsights_sitenote_active":false,"_monsterinsights_sitenote_note":"","_monsterinsights_sitenote_category":0,"footnotes":""},"class_list":["post-6996","page","type-page","status-publish","hentry","xfolkentry"],"aioseo_notices":[],"_links":{"self":[{"href":"https:\/\/www.kimwilde.fr\/v2\/wp-json\/wp\/v2\/pages\/6996","targetHints":{"allow":["GET"]}}],"collection":[{"href":"https:\/\/www.kimwilde.fr\/v2\/wp-json\/wp\/v2\/pages"}],"about":[{"href":"https:\/\/www.kimwilde.fr\/v2\/wp-json\/wp\/v2\/types\/page"}],"author":[{"embeddable":true,"href":"https:\/\/www.kimwilde.fr\/v2\/wp-json\/wp\/v2\/users\/1"}],"replies":[{"embeddable":true,"href":"https:\/\/www.kimwilde.fr\/v2\/wp-json\/wp\/v2\/comments?post=6996"}],"version-history":[{"count":4,"href":"https:\/\/www.kimwilde.fr\/v2\/wp-json\/wp\/v2\/pages\/6996\/revisions"}],"predecessor-version":[{"id":15236,"href":"https:\/\/www.kimwilde.fr\/v2\/wp-json\/wp\/v2\/pages\/6996\/revisions\/15236"}],"wp:attachment":[{"href":"https:\/\/www.kimwilde.fr\/v2\/wp-json\/wp\/v2\/media?parent=6996"}],"curies":[{"name":"wp","href":"https:\/\/api.w.org\/{rel}","templated":true}]}}