{"id":6737,"date":"2019-01-12T14:33:31","date_gmt":"2019-01-12T14:33:31","guid":{"rendered":"http:\/\/www.kimwilde.fr\/v2\/?page_id=6737"},"modified":"2019-01-12T14:48:41","modified_gmt":"2019-01-12T14:48:41","slug":"kim-wilde-fan-club-news-vol-5-n-3","status":"publish","type":"page","link":"https:\/\/www.kimwilde.fr\/v2\/kim-wilde-fan-club-news-vol-5-n-3\/","title":{"rendered":"Kim Wilde Fan Club News Vol 5 N\u00b0 3"},"content":{"rendered":"<p><a href=\"https:\/\/www.kimwilde.fr\/v2\/wp-content\/uploads\/2019\/01\/Vol-5-N\u00b0-3a.png\"><img loading=\"lazy\" decoding=\"async\" class=\"alignleft size-medium wp-image-6739\" src=\"https:\/\/www.kimwilde.fr\/v2\/wp-content\/uploads\/2019\/01\/Vol-5-N\u00b0-3a-213x300.png\" alt=\"\" width=\"213\" height=\"300\" srcset=\"https:\/\/www.kimwilde.fr\/v2\/wp-content\/uploads\/2019\/01\/Vol-5-N\u00b0-3a-213x300.png 213w, https:\/\/www.kimwilde.fr\/v2\/wp-content\/uploads\/2019\/01\/Vol-5-N\u00b0-3a.png 426w\" sizes=\"auto, (max-width: 213px) 100vw, 213px\" \/><\/a>Lettre de Kim :<br \/>\nJe finis cette lettre avant d&rsquo;aller \u00e0 Los Angeles pour commencer \u00e0 enregistrer le prochain album. J&rsquo;y vais pour deux raisons. La premi\u00e8re est que Richard Burgess, mon producteur pour cet album, vit et travaille l\u00e0-bas. La deuxi\u00e8me est que MCA Am\u00e9rique souhaite ma pr\u00e9sence car ils veulent que ma carri\u00e8re d\u00e9colle vraiment cette ann\u00e9e. Donc, comme vous pouvez l&rsquo;imaginer, il y a beaucoup d&rsquo;excitation ici. Au d\u00e9part, j\u2019irai avec Nick du bureau, et Steve Byrd (mon co-auteur et guitariste). Je ne sais pas combien de temps cela va prendre, mais j\u2019esp\u00e8re avoir termin\u00e9 le travail dans environ un mois. Certains titres seront tr\u00e8s probablement \u00ab\u00a0thrill of it\u00a0\u00bb, \u00ab\u00a0brothers\u00a0\u00bb, \u00ab\u00a0missing\u00a0\u00bb, \u00ab\u00a0another step (near your heart) \u00a0\u00bb et \u00ab\u00a0victims\u00a0\u00bb. Nous avons encore \u00e0 confirmer tous les titres de l&rsquo;album, mais nous avons \u00e9norm\u00e9ment de choix. Il me tarde que cet album soit pr\u00eat et je vous dirai tout sur lui et sur L.A. dans le prochain magazine. Le week-end dernier, j\u2019ai d\u00e9cid\u00e9 d&rsquo;aller voir mon amie Clare. Elle travaille actuellement comme traiteur sur la tourn\u00e9e de Supertramp. Je suis rest\u00e9e sur la tourn\u00e9e cinq jours et l\u2019ai aid\u00e9e en cuisine, \u00e0 l&rsquo;\u00e9pluchage des pommes de terre et des carottes, et fait quelques \u00e9clairs tr\u00e8s savoureux !! Nous nous sommes beaucoup amus\u00e9es, surtout quand je la regardais sur sc\u00e8ne avec Supertramp. Pendant l&rsquo;une des chansons, une partie de l&rsquo;\u00e9quipe (y compris Clare et l&rsquo;autre traiteur, Alison), sont mont\u00e9es sur sc\u00e8ne pour faire les ch\u0153urs !! C\u2019\u00e9tait vraiment bizarre de voir Clare sur sc\u00e8ne devant 15000 personnes. C&rsquo;\u00e9tait vraiment le monde \u00e0 l&rsquo;envers (elle n&rsquo;avait d&rsquo;ailleurs jamais chant\u00e9 en public avant !!). Je ne vais pas la voir avant un certain temps maintenant car je serai \u00e0 L.A. et elle va vivre en Australie pendant 6 mois. De toute fa\u00e7on, je dois finir maintenant car j&rsquo;ai beaucoup de choses \u00e0 pr\u00e9parer pour ce voyage (qui est d&rsquo;ailleurs imminent). Souhaitez-moi bonne chance et je vous promets que je vais travailler tr\u00e8s dur pour faire un grand album. Prenez bien soin de vous.<\/p>\n<p>Kim x.<\/p>\n<p>&nbsp;<\/p>\n<div class=\"csRow\">\n<div class=\"csColumnGap\" style=\"margin: 0px; padding: 0px; float: left; width: 1.56%;\"><img decoding=\"async\" style=\"border: none;\" src=\"https:\/\/www.kimwilde.fr\/v2\/wp-content\/plugins\/advanced-wp-columns\/assets\/js\/plugins\/views\/img\/1x1-pixel.png\" \/><\/div>\n<div class=\"csColumn\" style=\"margin: 0px; padding: 0px; float: left; width: 23%;\" data-csstartpoint=\"15.005683907348633\" data-csendpoint=\"235.98578644641114\" data-cswidth=\"23.0%\" data-csid=\"b97883f5-186d-094d-9165-4ee8134f1fdc\">\n<p><a href=\"https:\/\/www.kimwilde.fr\/v2\/wp-content\/uploads\/2019\/01\/Vol-5-N\u00b0-3.png\"><img loading=\"lazy\" decoding=\"async\" class=\"alignleft size-medium wp-image-6740\" src=\"https:\/\/www.kimwilde.fr\/v2\/wp-content\/uploads\/2019\/01\/Vol-5-N\u00b0-3-300x214.png\" alt=\"\" width=\"300\" height=\"214\" srcset=\"https:\/\/www.kimwilde.fr\/v2\/wp-content\/uploads\/2019\/01\/Vol-5-N\u00b0-3-300x214.png 300w, https:\/\/www.kimwilde.fr\/v2\/wp-content\/uploads\/2019\/01\/Vol-5-N\u00b0-3.png 602w\" sizes=\"auto, (max-width: 300px) 100vw, 300px\" \/><\/a><\/p>\n<\/div>\n<div class=\"csColumnGap\" style=\"margin: 0px; padding: 0px; float: left; width: 1.56%;\"><img decoding=\"async\" style=\"border: none;\" src=\"https:\/\/www.kimwilde.fr\/v2\/wp-content\/plugins\/advanced-wp-columns\/assets\/js\/plugins\/views\/img\/1x1-pixel.png\" \/><\/div>\n<div class=\"csColumn\" style=\"margin: 0px; padding: 0px; float: left; width: 23%;\" data-csstartpoint=\"250.99997712023927\" data-csendpoint=\"471.98011017687986\" data-cswidth=\"23.0%\" data-csid=\"8868ca5a-b39f-dd41-8fdc-f958e9c3dfd7\">\n<p><a href=\"https:\/\/www.kimwilde.fr\/v2\/wp-content\/uploads\/2019\/01\/Vol-5-N\u00b0-3b.png\"><img loading=\"lazy\" decoding=\"async\" class=\"alignleft size-medium wp-image-6741\" src=\"https:\/\/www.kimwilde.fr\/v2\/wp-content\/uploads\/2019\/01\/Vol-5-N\u00b0-3b-300x298.png\" alt=\"\" width=\"300\" height=\"298\" srcset=\"https:\/\/www.kimwilde.fr\/v2\/wp-content\/uploads\/2019\/01\/Vol-5-N\u00b0-3b-300x298.png 300w, https:\/\/www.kimwilde.fr\/v2\/wp-content\/uploads\/2019\/01\/Vol-5-N\u00b0-3b-150x150.png 150w, https:\/\/www.kimwilde.fr\/v2\/wp-content\/uploads\/2019\/01\/Vol-5-N\u00b0-3b-100x100.png 100w, https:\/\/www.kimwilde.fr\/v2\/wp-content\/uploads\/2019\/01\/Vol-5-N\u00b0-3b.png 590w\" sizes=\"auto, (max-width: 300px) 100vw, 300px\" \/><\/a><\/p>\n<\/div>\n<div class=\"csColumnGap\" style=\"margin: 0px; padding: 0px; float: left; width: 1.56%;\"><img decoding=\"async\" style=\"border: none;\" src=\"https:\/\/www.kimwilde.fr\/v2\/wp-content\/plugins\/advanced-wp-columns\/assets\/js\/plugins\/views\/img\/1x1-pixel.png\" \/><\/div>\n<div class=\"csColumn\" style=\"margin: 0px; padding: 0px; float: left; width: 23%;\" data-csstartpoint=\"486.994300850708\" data-csendpoint=\"707.9885940635986\" data-cswidth=\"23.0%\" data-csid=\"9dbdab61-b563-cc47-8d31-3980b11dc68f\">\n<p><a href=\"https:\/\/www.kimwilde.fr\/v2\/wp-content\/uploads\/2019\/01\/Vol-5-N\u00b0-3c.png\"><img loading=\"lazy\" decoding=\"async\" class=\"size-medium wp-image-6742 alignleft\" src=\"https:\/\/www.kimwilde.fr\/v2\/wp-content\/uploads\/2019\/01\/Vol-5-N\u00b0-3c-213x300.png\" alt=\"\" width=\"213\" height=\"300\" srcset=\"https:\/\/www.kimwilde.fr\/v2\/wp-content\/uploads\/2019\/01\/Vol-5-N\u00b0-3c-213x300.png 213w, https:\/\/www.kimwilde.fr\/v2\/wp-content\/uploads\/2019\/01\/Vol-5-N\u00b0-3c.png 428w\" sizes=\"auto, (max-width: 213px) 100vw, 213px\" \/><\/a><\/p>\n<\/div>\n<div class=\"csColumn\" style=\"margin: 0px; padding: 0px; float: left; width: 23%;\" data-csstartpoint=\"707.9885940635986\" data-csendpoint=\"928.9545364464111\" data-cswidth=\"23.0%\" data-csid=\"5f7f7344-6473-66c9-89de-0dc829f4f079\">\n<p><a href=\"https:\/\/www.kimwilde.fr\/v2\/wp-content\/uploads\/2019\/01\/Vol-5-N\u00b0-3d.png\"><img loading=\"lazy\" decoding=\"async\" class=\"alignleft size-medium wp-image-6743\" src=\"https:\/\/www.kimwilde.fr\/v2\/wp-content\/uploads\/2019\/01\/Vol-5-N\u00b0-3d-215x300.png\" alt=\"\" width=\"215\" height=\"300\" srcset=\"https:\/\/www.kimwilde.fr\/v2\/wp-content\/uploads\/2019\/01\/Vol-5-N\u00b0-3d-215x300.png 215w, https:\/\/www.kimwilde.fr\/v2\/wp-content\/uploads\/2019\/01\/Vol-5-N\u00b0-3d.png 430w\" sizes=\"auto, (max-width: 215px) 100vw, 215px\" \/><\/a><\/p>\n<\/div>\n<div class=\"csColumnGap\" style=\"margin: 0px; padding: 0px; float: left; width: 3.23%;\"><img decoding=\"async\" style=\"border: none;\" src=\"https:\/\/www.kimwilde.fr\/v2\/wp-content\/plugins\/advanced-wp-columns\/assets\/js\/plugins\/views\/img\/1x1-pixel.png\" \/><\/div>\n<div style=\"clear: both; float: none; display: block; visibility: hidden; width: 0px; font-size: 0px; line-height: 0;\"><\/div>\n<\/div>\n<p>&nbsp;<\/p>\n","protected":false},"excerpt":{"rendered":"<p class=\"excerpt\">Lettre de Kim : Je finis cette lettre avant d&rsquo;aller \u00e0 Los Angeles pour commencer \u00e0 enregistrer le prochain album. J&rsquo;y vais pour deux raisons. La premi\u00e8re est que Richard Burgess, mon producteur pour cet album, vit et travaille l\u00e0-bas. La deuxi\u00e8me est que MCA Am\u00e9rique souhaite ma pr\u00e9sence car ils veulent que ma carri\u00e8re d\u00e9colle vraiment cette ann\u00e9e. Donc,&hellip; <a href=\"https:\/\/www.kimwilde.fr\/v2\/kim-wilde-fan-club-news-vol-5-n-3\/\">Lire plus &rarr;<\/a><\/p>\n","protected":false},"author":1,"featured_media":0,"parent":0,"menu_order":0,"comment_status":"closed","ping_status":"closed","template":"","meta":{"om_disable_all_campaigns":false,"_monsterinsights_skip_tracking":false,"_monsterinsights_sitenote_active":false,"_monsterinsights_sitenote_note":"","_monsterinsights_sitenote_category":0,"footnotes":""},"class_list":["post-6737","page","type-page","status-publish","hentry","xfolkentry"],"aioseo_notices":[],"_links":{"self":[{"href":"https:\/\/www.kimwilde.fr\/v2\/wp-json\/wp\/v2\/pages\/6737","targetHints":{"allow":["GET"]}}],"collection":[{"href":"https:\/\/www.kimwilde.fr\/v2\/wp-json\/wp\/v2\/pages"}],"about":[{"href":"https:\/\/www.kimwilde.fr\/v2\/wp-json\/wp\/v2\/types\/page"}],"author":[{"embeddable":true,"href":"https:\/\/www.kimwilde.fr\/v2\/wp-json\/wp\/v2\/users\/1"}],"replies":[{"embeddable":true,"href":"https:\/\/www.kimwilde.fr\/v2\/wp-json\/wp\/v2\/comments?post=6737"}],"version-history":[{"count":3,"href":"https:\/\/www.kimwilde.fr\/v2\/wp-json\/wp\/v2\/pages\/6737\/revisions"}],"predecessor-version":[{"id":15279,"href":"https:\/\/www.kimwilde.fr\/v2\/wp-json\/wp\/v2\/pages\/6737\/revisions\/15279"}],"wp:attachment":[{"href":"https:\/\/www.kimwilde.fr\/v2\/wp-json\/wp\/v2\/media?parent=6737"}],"curies":[{"name":"wp","href":"https:\/\/api.w.org\/{rel}","templated":true}]}}