{"id":3608,"date":"2016-11-08T06:51:01","date_gmt":"2016-11-08T06:51:01","guid":{"rendered":"http:\/\/www.kimwilde.fr\/v2\/?page_id=3608"},"modified":"2016-11-08T07:55:29","modified_gmt":"2016-11-08T07:55:29","slug":"kim-wilde-fan-club-news-vol-3-n-2","status":"publish","type":"page","link":"https:\/\/www.kimwilde.fr\/v2\/kim-wilde-fan-club-news-vol-3-n-2\/","title":{"rendered":"Kim Wilde Fan Club News Vol 3 N\u00b0 2"},"content":{"rendered":"<p><a href=\"https:\/\/www.kimwilde.fr\/v2\/wp-content\/uploads\/2016\/11\/kim-wilde-fan-club-dec-83.jpg\"><img loading=\"lazy\" decoding=\"async\" class=\" size-medium wp-image-3702 alignleft\" src=\"https:\/\/www.kimwilde.fr\/v2\/wp-content\/uploads\/2016\/11\/kim-wilde-fan-club-dec-83-212x300.jpg\" alt=\"kim-wilde-fan-club-dec-83\" width=\"212\" height=\"300\" srcset=\"https:\/\/www.kimwilde.fr\/v2\/wp-content\/uploads\/2016\/11\/kim-wilde-fan-club-dec-83-212x300.jpg 212w, https:\/\/www.kimwilde.fr\/v2\/wp-content\/uploads\/2016\/11\/kim-wilde-fan-club-dec-83.jpg 400w\" sizes=\"auto, (max-width: 212px) 100vw, 212px\" \/><\/a>Lettre de Kim :<\/p>\n<p style=\"text-align: justify;\">Salut,<\/p>\n<p style=\"text-align: justify;\">Je rentre tout juste de ma premi\u00e8re t\u00e9l\u00e9vision pour mon nouveau single Dancing in the dark. Le programme s\u2019appelle Razzamatazz et aura probablement \u00e9t\u00e9 diffus\u00e9 au moment o\u00f9 vous recevrez cette lettre.<\/p>\n<p style=\"text-align: justify;\">J&rsquo;ai aussi fait beaucoup d&rsquo;\u00e9missions de t\u00e9l\u00e9vision en France pour Love Blonde, qui marche tr\u00e8s bien l\u00e0-bas. Pendant mon s\u00e9jour je suis mont\u00e9e \u00e0 mi-hauteur de la Tour Eiffel. Le seul probl\u00e8me, c&rsquo;est que je portais une paire de talons aiguilles \u00e0 ce moment l\u00e0\u00a0! Aujourd&rsquo;hui, j\u2019ai pass\u00e9 du temps avec des personnes int\u00e9ress\u00e9es par les \u00e9clairages et la conception de la mise en sc\u00e8ne pour la tourn\u00e9e europ\u00e9enne que je vais faire en Novembre \/ D\u00e9cembre. Je serais ravie d&rsquo;entendre ceux d&rsquo;entre vous qui auraient des id\u00e9es \u00e0 ce sujet.<\/p>\n<p style=\"text-align: justify;\">Demain c\u2019est reparti pour une \u00e9ni\u00e8me s\u00e9ance photos. Il me semble que je pose beaucoup plus que je\u00a0ne\u00a0chante ces jours-ci ! Bien que cela va changer tr\u00e8s vite puisque nous commen\u00e7ons les r\u00e9p\u00e9titions pour notre tourn\u00e9e la semaine prochaine. La composition de mon groupe a chang\u00e9. Nous avons un nouveau batteur, Boris, et un clavi\u00e9riste, Kevin.<\/p>\n<p style=\"text-align: justify;\">Malheureusement Ricky ne partira pas en tourn\u00e9e avec moi cette ann\u00e9e car notre nouveau studio sera achev\u00e9 tr\u00e8s prochainement, et il va \u00eatre tr\u00e8s occup\u00e9 \u00e0 comprendre comment tout cela fonctionne !<\/p>\n<p style=\"text-align: justify;\">R\u00e9cemment, je me suis mise \u00e0 la recherche de nouveaux v\u00eatements. J&rsquo;ai regard\u00e9 dans mes placards l&rsquo;autre jour et j\u2019ai r\u00e9alis\u00e9 que je n&rsquo;avais que tr\u00e8s peu de v\u00eatements, en fait je me souviens avoir d\u00e9j\u00e0 port\u00e9 certains d&rsquo;entre eux lorsque j&rsquo;avais seize ans ! Alors je suis all\u00e9e acheter des v\u00eatements avec une paire d&rsquo;amis. Nous avons fini par visiter une boutique \u00e0 Knightsbridge \u00e0 Londres, et mon amie a rep\u00e9r\u00e9 des bottes qui lui plaisaient. Elle est du genre \u00e0 mettre des heures \u00e0 prendre la moindre d\u00e9cision et je commen\u00e7ais \u00e0 m&rsquo;inqui\u00e9ter un peu car elle avait essay\u00e9 pratiquement tout le stock de la boutique.<\/p>\n<p style=\"text-align: justify;\">Alors j&rsquo;ai d\u00e9cid\u00e9 d&rsquo;aller faire un tour \u00e0 l&rsquo;ext\u00e9rieur et qui vois-je marcher dans ma direction ? Dustin Hoffman en personne. J&rsquo;ai imm\u00e9diatemment couru dans la boutique et j&rsquo;ai litt\u00e9ralement tra\u00een\u00e9 mon amie dehors pour qu&rsquo;elle le voie, mais dans l&rsquo;excitation j&rsquo;ai failli renverser Dustin ! Fort heureusement il a pu repartir sans histoire, et \u00e0 l&rsquo;\u00e9vidence il ne me connaissait pas. Il a certainement pens\u00e9 que j&rsquo;\u00e9tais l&rsquo;une de ces femmes hyst\u00e9riques qui lui tombent dessus tout le temps ! Je suis tellement en admiration que \u00e7a en devient g\u00eanant !<\/p>\n<p style=\"text-align: justify;\">J&rsquo;esp\u00e8re que vous allez bien et que vous vous plaisez dans ce club. Est-ce que vous avez aim\u00e9 le montage photo dans le pr\u00e9c\u00e9dent fanzine ? J&rsquo;ai r\u00e9cup\u00e9r\u00e9 toutes les images que vous m&rsquo;avez envoy\u00e9es et j&rsquo;ai progressivement rempli un grand cadre avec. Vous avez l&rsquo;air vraiment marrants !!<\/p>\n<p style=\"text-align: justify;\">Prenez soin de vous, et \u00e0 bient\u00f4t j&rsquo;esp\u00e8re.<\/p>\n<p style=\"text-align: justify;\">Kim<\/p>\n<div class=\"csRow\">\n<div class=\"csColumnGap\" style=\"margin: 0px; padding: 0px; float: left; width: 1.56%;\"><img decoding=\"async\" style=\"border: none;\" src=\"https:\/\/www.kimwilde.fr\/v2\/wp-content\/plugins\/advanced-wp-columns\/assets\/js\/plugins\/views\/img\/1x1-pixel.png\" alt=\"\" \/><\/div>\n<div class=\"csColumn\" style=\"margin: 0px; padding: 0px; float: left; width: 17.6%;\" data-csstartpoint=\"15\" data-csendpoint=\"184\" data-cswidth=\"17.6%\" data-csid=\"851b601b-1f3c-5f2e-b742-bc2cbed8d5bd\">\n<p>\u00a0<a href=\"https:\/\/www.kimwilde.fr\/v2\/wp-content\/uploads\/2016\/11\/kim-fan-club-dec-83.png\"><img loading=\"lazy\" decoding=\"async\" class=\"alignnone size-medium wp-image-3701\" src=\"https:\/\/www.kimwilde.fr\/v2\/wp-content\/uploads\/2016\/11\/kim-fan-club-dec-83-212x300.png\" alt=\"kim-fan-club-dec-83\" width=\"212\" height=\"300\" srcset=\"https:\/\/www.kimwilde.fr\/v2\/wp-content\/uploads\/2016\/11\/kim-fan-club-dec-83-212x300.png 212w, https:\/\/www.kimwilde.fr\/v2\/wp-content\/uploads\/2016\/11\/kim-fan-club-dec-83.png 508w\" sizes=\"auto, (max-width: 212px) 100vw, 212px\" \/><\/a><\/p>\n<\/div>\n<div class=\"csColumn\" style=\"margin: 0px; padding: 0px; float: left; width: 19.4%;\" data-csstartpoint=\"184\" data-csendpoint=\"370\" data-cswidth=\"19.4%\" data-csid=\"083aa2ad-c0b4-326c-a996-0569c973c702\">\n<p>\u00a0<a href=\"https:\/\/www.kimwilde.fr\/v2\/wp-content\/uploads\/2016\/11\/kim-fan-club-dec-83-2.png\"><img loading=\"lazy\" decoding=\"async\" class=\"alignnone size-medium wp-image-3703\" src=\"https:\/\/www.kimwilde.fr\/v2\/wp-content\/uploads\/2016\/11\/kim-fan-club-dec-83-2-216x300.png\" alt=\"kim-fan-club-dec-83-2\" width=\"216\" height=\"300\" srcset=\"https:\/\/www.kimwilde.fr\/v2\/wp-content\/uploads\/2016\/11\/kim-fan-club-dec-83-2-216x300.png 216w, https:\/\/www.kimwilde.fr\/v2\/wp-content\/uploads\/2016\/11\/kim-fan-club-dec-83-2.png 516w\" sizes=\"auto, (max-width: 216px) 100vw, 216px\" \/><\/a><\/p>\n<\/div>\n<div class=\"csColumn\" style=\"margin: 0px; padding: 0px; float: left; width: 19.3%;\" data-csstartpoint=\"370\" data-csendpoint=\"555\" data-cswidth=\"19.3%\" data-csid=\"2817cfb4-292e-a5d8-8b91-9e1de9f4a33a\">\n<p>\u00a0<a href=\"https:\/\/www.kimwilde.fr\/v2\/wp-content\/uploads\/2016\/11\/kim-fan-club-dec-83-3.png\"><img loading=\"lazy\" decoding=\"async\" class=\"alignnone size-medium wp-image-3704\" src=\"https:\/\/www.kimwilde.fr\/v2\/wp-content\/uploads\/2016\/11\/kim-fan-club-dec-83-3-215x300.png\" alt=\"kim-fan-club-dec-83-3\" width=\"215\" height=\"300\" srcset=\"https:\/\/www.kimwilde.fr\/v2\/wp-content\/uploads\/2016\/11\/kim-fan-club-dec-83-3-215x300.png 215w, https:\/\/www.kimwilde.fr\/v2\/wp-content\/uploads\/2016\/11\/kim-fan-club-dec-83-3.png 511w\" sizes=\"auto, (max-width: 215px) 100vw, 215px\" \/><\/a><\/p>\n<\/div>\n<div class=\"csColumn\" style=\"margin: 0px; padding: 0px; float: left; width: 18.8%;\" data-csstartpoint=\"555\" data-csendpoint=\"735\" data-cswidth=\"18.8%\" data-csid=\"180d8cda-6bd6-5360-a653-78661e77984f\">\n<p>\u00a0<a href=\"https:\/\/www.kimwilde.fr\/v2\/wp-content\/uploads\/2016\/11\/kim-fan-club-dec-83-5.png\"><img loading=\"lazy\" decoding=\"async\" class=\"alignnone size-medium wp-image-3705\" src=\"https:\/\/www.kimwilde.fr\/v2\/wp-content\/uploads\/2016\/11\/kim-fan-club-dec-83-5-213x300.png\" alt=\"kim-fan-club-dec-83-5\" width=\"213\" height=\"300\" srcset=\"https:\/\/www.kimwilde.fr\/v2\/wp-content\/uploads\/2016\/11\/kim-fan-club-dec-83-5-213x300.png 213w, https:\/\/www.kimwilde.fr\/v2\/wp-content\/uploads\/2016\/11\/kim-fan-club-dec-83-5.png 511w\" sizes=\"auto, (max-width: 213px) 100vw, 213px\" \/><\/a><\/p>\n<\/div>\n<div class=\"csColumn\" style=\"margin: 0px; padding: 0px; float: left; width: 18.8%;\" data-csstartpoint=\"735\" data-csendpoint=\"915\" data-cswidth=\"18.8%\" data-csid=\"073b02be-bc22-a81f-bd06-f5af2a0937fa\">\n<p>\u00a0<a href=\"https:\/\/www.kimwilde.fr\/v2\/wp-content\/uploads\/2016\/11\/kim-fan-club-dec-83-6.png\"><img loading=\"lazy\" decoding=\"async\" class=\"alignnone size-medium wp-image-3706\" src=\"https:\/\/www.kimwilde.fr\/v2\/wp-content\/uploads\/2016\/11\/kim-fan-club-dec-83-6-211x300.png\" alt=\"kim-fan-club-dec-83-6\" width=\"211\" height=\"300\" srcset=\"https:\/\/www.kimwilde.fr\/v2\/wp-content\/uploads\/2016\/11\/kim-fan-club-dec-83-6-211x300.png 211w, https:\/\/www.kimwilde.fr\/v2\/wp-content\/uploads\/2016\/11\/kim-fan-club-dec-83-6.png 508w\" sizes=\"auto, (max-width: 211px) 100vw, 211px\" \/><\/a><\/p>\n<\/div>\n<div class=\"csColumnGap\" style=\"margin: 0px; padding: 0px; float: left; width: 4.69%;\"><img decoding=\"async\" style=\"border: none;\" src=\"https:\/\/www.kimwilde.fr\/v2\/wp-content\/plugins\/advanced-wp-columns\/assets\/js\/plugins\/views\/img\/1x1-pixel.png\" alt=\"\" \/><\/div>\n<div style=\"clear: both; float: none; display: block; visibility: hidden; width: 0px; font-size: 0px; line-height: 0;\"><\/div>\n<\/div>\n","protected":false},"excerpt":{"rendered":"<p class=\"excerpt\">Lettre de Kim : Salut, Je rentre tout juste de ma premi\u00e8re t\u00e9l\u00e9vision pour mon nouveau single Dancing in the dark. Le programme s\u2019appelle Razzamatazz et aura probablement \u00e9t\u00e9 diffus\u00e9 au moment o\u00f9 vous recevrez cette lettre. J&rsquo;ai aussi fait beaucoup d&rsquo;\u00e9missions de t\u00e9l\u00e9vision en France pour Love Blonde, qui marche tr\u00e8s bien l\u00e0-bas. Pendant mon s\u00e9jour je suis mont\u00e9e&hellip; <a href=\"https:\/\/www.kimwilde.fr\/v2\/kim-wilde-fan-club-news-vol-3-n-2\/\">Lire plus &rarr;<\/a><\/p>\n","protected":false},"author":1,"featured_media":0,"parent":0,"menu_order":0,"comment_status":"closed","ping_status":"closed","template":"","meta":{"om_disable_all_campaigns":false,"_monsterinsights_skip_tracking":false,"_monsterinsights_sitenote_active":false,"_monsterinsights_sitenote_note":"","_monsterinsights_sitenote_category":0,"footnotes":""},"class_list":["post-3608","page","type-page","status-publish","hentry","xfolkentry"],"aioseo_notices":[],"_links":{"self":[{"href":"https:\/\/www.kimwilde.fr\/v2\/wp-json\/wp\/v2\/pages\/3608","targetHints":{"allow":["GET"]}}],"collection":[{"href":"https:\/\/www.kimwilde.fr\/v2\/wp-json\/wp\/v2\/pages"}],"about":[{"href":"https:\/\/www.kimwilde.fr\/v2\/wp-json\/wp\/v2\/types\/page"}],"author":[{"embeddable":true,"href":"https:\/\/www.kimwilde.fr\/v2\/wp-json\/wp\/v2\/users\/1"}],"replies":[{"embeddable":true,"href":"https:\/\/www.kimwilde.fr\/v2\/wp-json\/wp\/v2\/comments?post=3608"}],"version-history":[{"count":4,"href":"https:\/\/www.kimwilde.fr\/v2\/wp-json\/wp\/v2\/pages\/3608\/revisions"}],"predecessor-version":[{"id":3717,"href":"https:\/\/www.kimwilde.fr\/v2\/wp-json\/wp\/v2\/pages\/3608\/revisions\/3717"}],"wp:attachment":[{"href":"https:\/\/www.kimwilde.fr\/v2\/wp-json\/wp\/v2\/media?parent=3608"}],"curies":[{"name":"wp","href":"https:\/\/api.w.org\/{rel}","templated":true}]}}