{"id":2679,"date":"2016-09-09T14:18:03","date_gmt":"2016-09-09T14:18:03","guid":{"rendered":"http:\/\/www.kimwilde.fr\/v2\/?page_id=2679"},"modified":"2018-01-06T18:28:09","modified_gmt":"2018-01-06T18:28:09","slug":"kim-wilde-fan-club-vol-4-n-3","status":"publish","type":"page","link":"https:\/\/www.kimwilde.fr\/v2\/kim-wilde-fan-club-vol-4-n-3\/","title":{"rendered":"Kim Wilde Fan Club News Vol 4 N\u00b0 3"},"content":{"rendered":"<p><a href=\"https:\/\/www.kimwilde.fr\/v2\/wp-content\/uploads\/2016\/09\/fan-club-vol4-n3.jpg\"><img loading=\"lazy\" decoding=\"async\" class=\" size-medium wp-image-2993 alignleft\" src=\"https:\/\/www.kimwilde.fr\/v2\/wp-content\/uploads\/2016\/09\/fan-club-vol4-n3-212x300.jpg\" alt=\"fan-club-vol4-n3\" width=\"212\" height=\"300\" srcset=\"https:\/\/www.kimwilde.fr\/v2\/wp-content\/uploads\/2016\/09\/fan-club-vol4-n3-212x300.jpg 212w, https:\/\/www.kimwilde.fr\/v2\/wp-content\/uploads\/2016\/09\/fan-club-vol4-n3.jpg 400w\" sizes=\"auto, (max-width: 212px) 100vw, 212px\" \/><\/a>Lettre de Kim :<\/p>\n<p style=\"text-align: justify;\"><em>\u00ab J\u2019ai \u00e9t\u00e9 tr\u00e8s occup\u00e9e ces derniers temps \u00e0 faire la promotion de Rage to love. Il est bien plac\u00e9 au Royaume-Uni, et semble \u00eatre pareil en Europe. J\u2019ai aussi \u00e9crit pour un nouvel album qui sera publi\u00e9 plus tard dans l\u2019ann\u00e9e. Merci \u00e0 tous ceux qui sont venu sur la tourn\u00e9e. Vous avez \u00e9t\u00e9 un public brillant, et c&rsquo;\u00e9tait certainement la plus agr\u00e9able tourn\u00e9e que j\u2019ai faite jusqu\u2019\u00e0 pr\u00e9sent. Le groupe, je pense, a jou\u00e9 r\u00e9ellement bien et cela a \u00e9t\u00e9 un plaisir d\u2019\u00eatre avec eux, et je sais que beaucoup d\u2019entre vous les ont rencontr\u00e9s.<\/em><\/p>\n<p style=\"text-align: justify;\"><em>La tourn\u00e9e a d\u00e9but\u00e9 en Allemagne, elle a commenc\u00e9 \u00e0 Hambourg, puis Francfort, et Stuttgart. Nous avons ensuite eu une journ\u00e9e de cong\u00e9 \u00e0 Berlin, alors nous sommes all\u00e9s \u00e0 Chekpoint Charlie, et avons march\u00e9 le long du Mur. Puis arr\u00eat \u00e0 Hanovre, Mannheim, et Dusseldorf, o\u00f9 j&rsquo;ai d\u00e9j\u00e0 fait un concert &#8211; sauf que la derni\u00e8re fois j&rsquo;avais eu la grippe et j\u2019avais trouv\u00e9 difficile d&rsquo;assurer le spectacle. Munich \u00e9tait le dernier concert Allemand que nous avons fait, et inutile de dire que c\u2019\u00e9tait immense.<\/em><\/p>\n<p style=\"text-align: justify;\"><em>L\u2019arr\u00eat suivant \u00e9tait en Suisse, et ce fut certainement le plus beau trajet que nous avons fait dans notre Star Cruiser qui, incidemment, a d\u00e9cid\u00e9 de d\u00e9velopper un aga\u00e7ant probl\u00e8me de chaleur. C&rsquo;\u00e9tait comme un sauna \u00e0 l&rsquo;int\u00e9rieur. \u00c0 ce stade, descendre du bus nous a sembl\u00e9 \u00eatre une bonne id\u00e9e, et nous avons pris des quantit\u00e9s de photos des montagnes couvertes de neige. Tout ce que je voulais \u00e9tait de mettre la main sur quelques truffes au champagne. Frauenfeld \u00e9tait le premier concert en Suisse, qui avait lieu dans une sorte de grange tout en bois. Le concert \u00e9tait comme un sauna aussi. J&rsquo;ai beaucoup transpir\u00e9. Finalement j&rsquo;ai mis la main sur quelques truffes au champagne, que le reste du groupe s&rsquo;est d\u00e9p\u00each\u00e9 de me piquer. Puis nous sommes all\u00e9s \u00e0 Lausanne, o\u00f9 le vent qui soufflait m&rsquo;a tenue \u00e9veill\u00e9e toute la nuit. Lausanne est une ville magnifique qui me rappelle Montreux, un autre de mes endroits pr\u00e9f\u00e9r\u00e9s. \u00c9videmment, quand vous \u00eates en tourn\u00e9e, ce n&rsquo;est pas toujours facile de bien identifier o\u00f9 vous \u00eates, ou d&rsquo;arriver \u00e0 faire vraiment la distinction entre toutes les villes et les h\u00f4tels.<\/em><\/p>\n<p style=\"text-align: justify;\"><em>Une chose que je n&rsquo;oublierai pas fut le long trajet de Lausanne \u00e0 Montpellier, parce qu&rsquo;\u00e0 ce moment le probl\u00e8me de chauffage dans le bus \u00e9tait devenu intol\u00e9rable, et pendant dix heures nous sommes tous rest\u00e9s assis \u00e0 grommeler aupr\u00e8s du chauffeur. Heureusement nous avons r\u00e9ussi \u00e0 nous distraire en regardant la cassette vid\u00e9o de \u2018Spinal Tap\u2019, qui est certainement l&rsquo;un des films les plus dr\u00f4les que j&rsquo;ai jamais vu. Puis de Montpellier \u00e0 Clermont-Ferrand, o\u00f9 l\u2019audience encore \u00e9tait g\u00e9niale. Et enfin Paris, probablement le plus \u00e9poustouflant concert sur la tourn\u00e9e. C\u2019\u00e9tait trop excitant. Beaucoup d&rsquo;amis et ma famille sont venus pour en faire une exp\u00e9rience inoubliable. Nous nous sommes tous rejoints par la suite, et nous avons fait la f\u00eate jusqu&rsquo;\u00e0 l&rsquo;aube.<\/em><\/p>\n<p style=\"text-align: justify;\"><em>De Paris, nous avons alors pris un train pour La Haye, en Hollande, o\u00f9 nous avons presque laiss\u00e9 tous nos bagages sur la plate-forme. Nous avons eu un superbe accueil de la part des N\u00e9erlandais.<\/em><\/p>\n<p style=\"text-align: justify;\"><em>Ensuite, nous sommes partis tout droit vers la Su\u00e8de. J&rsquo;aime Stockholm, et nous avons encore \u00e9t\u00e9 tr\u00e8s bien accueillis. Nous y avons pass\u00e9 un grand moment. Malheureusement, notre \u00e9quipe n&rsquo;a pas pu recevoir \u00e0 temps tout le mat\u00e9riel et les projecteurs du concert, et nous n&rsquo;avons donc pas pu montrer aux spectateurs notre formidable light-show. Cependant, le concert s&rsquo;est tr\u00e8s bien pass\u00e9, m\u00eame si notre tour manager s&rsquo;occupait des projecteurs et les dirigeait toujours sur la mauvaise personne, au mauvais moment !<\/em><\/p>\n<p style=\"text-align: justify;\"><em>Nous avons fini notre tourn\u00e9e \u00e0 Copenhague, au Danemark. Entre temps j&rsquo;avais d\u00e9velopp\u00e9 une infection de la gorge assez mauvaise et je me sentais tr\u00e8s mal. J&rsquo;esp\u00e8re que tous ceux d&rsquo;entre vous qui sont venus au concert n&rsquo;ont pas trop remarqu\u00e9 que ma voix n&rsquo;\u00e9tait pas \u00e0 la hauteur. J&rsquo;ai pens\u00e9 apr\u00e8s coup que j&rsquo;aurais peut-\u00eatre d\u00fb annuler le spectacle, mais je suis contente de ne pas l&rsquo;avoir fait. Merci \u00e0 vous tous qui \u00eates venus \u00e0 Copenhague, car je savais que vous \u00e9tiez dans les affres d&rsquo;une gr\u00e8ve g\u00e9n\u00e9rale, et beaucoup d&rsquo;entre vous ont eu des difficult\u00e9s pour venir et repartir.<\/em><\/p>\n<p style=\"text-align: justify;\"><em>Pour ceux d&rsquo;entre vous qui sont venus aux concerts, un grand grand merci pour avoir rendu cette tourn\u00e9e si m\u00e9morable, et \u00e0 ceux qui ne pouvaient pas cette fois ne vous inqui\u00e9tez pas. Je reviendrai !<\/em> \u00bb<\/p>\n<div class=\"csRow\">\n<div class=\"csColumnGap\" style=\"margin: 0px; padding: 0px; float: left; width: 2.19%;\"><img decoding=\"async\" style=\"border: none;\" src=\"https:\/\/www.kimwilde.fr\/v2\/wp-content\/plugins\/advanced-wp-columns\/assets\/js\/plugins\/views\/img\/1x1-pixel.png\" alt=\"\" \/><\/div>\n<div class=\"csColumn\" style=\"margin: 0px; padding: 0px; float: left; width: 18.3%;\" data-csstartpoint=\"21\" data-csendpoint=\"197\" data-cswidth=\"18.3%\" data-csid=\"bc9dc78c-80f0-235b-9bc6-c56519297989\">\n<p><a href=\"https:\/\/www.kimwilde.fr\/v2\/wp-content\/uploads\/2016\/09\/vol-4-n3-b.png\"><img loading=\"lazy\" decoding=\"async\" class=\"alignleft size-thumbnail wp-image-4186\" src=\"https:\/\/www.kimwilde.fr\/v2\/wp-content\/uploads\/2016\/09\/vol-4-n3-b-150x150.png\" alt=\"vol 4 n3 b\" width=\"150\" height=\"150\" srcset=\"https:\/\/www.kimwilde.fr\/v2\/wp-content\/uploads\/2016\/09\/vol-4-n3-b-150x150.png 150w, https:\/\/www.kimwilde.fr\/v2\/wp-content\/uploads\/2016\/09\/vol-4-n3-b-100x100.png 100w\" sizes=\"auto, (max-width: 150px) 100vw, 150px\" \/><\/a><\/p>\n<\/div>\n<div class=\"csColumn\" style=\"margin: 0px; padding: 0px; float: left; width: 18.3%;\" data-csstartpoint=\"219\" data-csendpoint=\"395\" data-cswidth=\"18.3%\" data-csid=\"a2df22d8-7d79-07b4-bc48-8a59c322e689\">\n<p><a href=\"https:\/\/www.kimwilde.fr\/v2\/wp-content\/uploads\/2016\/09\/vol-4-n3-d.png\"><img loading=\"lazy\" decoding=\"async\" class=\"alignleft size-thumbnail wp-image-4184\" src=\"https:\/\/www.kimwilde.fr\/v2\/wp-content\/uploads\/2016\/09\/vol-4-n3-d-150x150.png\" alt=\"vol 4 n3 d\" width=\"150\" height=\"150\" srcset=\"https:\/\/www.kimwilde.fr\/v2\/wp-content\/uploads\/2016\/09\/vol-4-n3-d-150x150.png 150w, https:\/\/www.kimwilde.fr\/v2\/wp-content\/uploads\/2016\/09\/vol-4-n3-d-100x100.png 100w\" sizes=\"auto, (max-width: 150px) 100vw, 150px\" \/><\/a><\/p>\n<\/div>\n<div class=\"csColumn\" style=\"margin: 0px; padding: 0px; float: left; width: 19.9%;\" data-csstartpoint=\"395\" data-csendpoint=\"586\" data-cswidth=\"19.9%\" data-csid=\"e4f8b949-3a03-4a5b-8af1-f80eeb8c5889\">\n<p><a href=\"https:\/\/www.kimwilde.fr\/v2\/wp-content\/uploads\/2016\/09\/vol-4-n3-e.png\"><img loading=\"lazy\" decoding=\"async\" class=\"alignleft size-thumbnail wp-image-4183\" src=\"https:\/\/www.kimwilde.fr\/v2\/wp-content\/uploads\/2016\/09\/vol-4-n3-e-150x150.png\" alt=\"vol 4 n3 e\" width=\"150\" height=\"150\" srcset=\"https:\/\/www.kimwilde.fr\/v2\/wp-content\/uploads\/2016\/09\/vol-4-n3-e-150x150.png 150w, https:\/\/www.kimwilde.fr\/v2\/wp-content\/uploads\/2016\/09\/vol-4-n3-e-100x100.png 100w\" sizes=\"auto, (max-width: 150px) 100vw, 150px\" \/><\/a><\/p>\n<\/div>\n<div class=\"csColumn\" style=\"margin: 0px; padding: 0px; float: left; width: 19.4%;\" data-csstartpoint=\"586\" data-csendpoint=\"772\" data-cswidth=\"19.4%\" data-csid=\"fb3973ed-b360-cc3c-980e-506f0c9ad562\">\n<p><a href=\"https:\/\/www.kimwilde.fr\/v2\/wp-content\/uploads\/2016\/09\/vol-4-n3-c.png\"><img loading=\"lazy\" decoding=\"async\" class=\"alignleft size-thumbnail wp-image-4185\" src=\"https:\/\/www.kimwilde.fr\/v2\/wp-content\/uploads\/2016\/09\/vol-4-n3-c-150x150.png\" alt=\"vol 4 n3 c\" width=\"150\" height=\"150\" srcset=\"https:\/\/www.kimwilde.fr\/v2\/wp-content\/uploads\/2016\/09\/vol-4-n3-c-150x150.png 150w, https:\/\/www.kimwilde.fr\/v2\/wp-content\/uploads\/2016\/09\/vol-4-n3-c-100x100.png 100w\" sizes=\"auto, (max-width: 150px) 100vw, 150px\" \/><\/a><\/p>\n<\/div>\n<div class=\"csColumn\" style=\"margin: 0px; padding: 0px; float: left; width: 18%;\" data-csstartpoint=\"772\" data-csendpoint=\"945\" data-cswidth=\"18.0%\" data-csid=\"270cb6b1-fa39-10b2-98e6-28394e935244\">\n<p><a href=\"https:\/\/www.kimwilde.fr\/v2\/wp-content\/uploads\/2016\/09\/vol-4-n3-f.png\"><img loading=\"lazy\" decoding=\"async\" class=\"alignleft size-thumbnail wp-image-4182\" src=\"https:\/\/www.kimwilde.fr\/v2\/wp-content\/uploads\/2016\/09\/vol-4-n3-f-150x150.png\" alt=\"vol 4 n3 f\" width=\"150\" height=\"150\" srcset=\"https:\/\/www.kimwilde.fr\/v2\/wp-content\/uploads\/2016\/09\/vol-4-n3-f-150x150.png 150w, https:\/\/www.kimwilde.fr\/v2\/wp-content\/uploads\/2016\/09\/vol-4-n3-f-100x100.png 100w\" sizes=\"auto, (max-width: 150px) 100vw, 150px\" \/><\/a><\/p>\n<\/div>\n<div class=\"csColumnGap\" style=\"margin: 0px; padding: 0px; float: left; width: 1.56%;\"><img decoding=\"async\" style=\"border: none;\" src=\"https:\/\/www.kimwilde.fr\/v2\/wp-content\/plugins\/advanced-wp-columns\/assets\/js\/plugins\/views\/img\/1x1-pixel.png\" alt=\"\" \/><\/div>\n<div style=\"clear: both; float: none; display: block; visibility: hidden; width: 0px; font-size: 0px; line-height: 0;\"><\/div>\n<\/div>\n<p style=\"text-align: justify;\"><br class=\"nc\" \/><br class=\"nc\" \/><\/p>\n","protected":false},"excerpt":{"rendered":"<p class=\"excerpt\">Lettre de Kim : \u00ab J\u2019ai \u00e9t\u00e9 tr\u00e8s occup\u00e9e ces derniers temps \u00e0 faire la promotion de Rage to love. Il est bien plac\u00e9 au Royaume-Uni, et semble \u00eatre pareil en Europe. J\u2019ai aussi \u00e9crit pour un nouvel album qui sera publi\u00e9 plus tard dans l\u2019ann\u00e9e. Merci \u00e0 tous ceux qui sont venu sur la tourn\u00e9e. Vous avez \u00e9t\u00e9 un&hellip; <a href=\"https:\/\/www.kimwilde.fr\/v2\/kim-wilde-fan-club-vol-4-n-3\/\">Lire plus &rarr;<\/a><\/p>\n","protected":false},"author":1,"featured_media":0,"parent":0,"menu_order":0,"comment_status":"closed","ping_status":"closed","template":"","meta":{"om_disable_all_campaigns":false,"_monsterinsights_skip_tracking":false,"_monsterinsights_sitenote_active":false,"_monsterinsights_sitenote_note":"","_monsterinsights_sitenote_category":0,"footnotes":""},"class_list":["post-2679","page","type-page","status-publish","hentry","xfolkentry"],"aioseo_notices":[],"_links":{"self":[{"href":"https:\/\/www.kimwilde.fr\/v2\/wp-json\/wp\/v2\/pages\/2679","targetHints":{"allow":["GET"]}}],"collection":[{"href":"https:\/\/www.kimwilde.fr\/v2\/wp-json\/wp\/v2\/pages"}],"about":[{"href":"https:\/\/www.kimwilde.fr\/v2\/wp-json\/wp\/v2\/types\/page"}],"author":[{"embeddable":true,"href":"https:\/\/www.kimwilde.fr\/v2\/wp-json\/wp\/v2\/users\/1"}],"replies":[{"embeddable":true,"href":"https:\/\/www.kimwilde.fr\/v2\/wp-json\/wp\/v2\/comments?post=2679"}],"version-history":[{"count":6,"href":"https:\/\/www.kimwilde.fr\/v2\/wp-json\/wp\/v2\/pages\/2679\/revisions"}],"predecessor-version":[{"id":4181,"href":"https:\/\/www.kimwilde.fr\/v2\/wp-json\/wp\/v2\/pages\/2679\/revisions\/4181"}],"wp:attachment":[{"href":"https:\/\/www.kimwilde.fr\/v2\/wp-json\/wp\/v2\/media?parent=2679"}],"curies":[{"name":"wp","href":"https:\/\/api.w.org\/{rel}","templated":true}]}}