{"id":16127,"date":"2023-05-07T17:14:10","date_gmt":"2023-05-07T17:14:10","guid":{"rendered":"https:\/\/www.kimwilde.fr\/v2\/?page_id=16127"},"modified":"2023-05-07T17:14:11","modified_gmt":"2023-05-07T17:14:11","slug":"kim-wilde-ill-inspecta-baby-obey-me","status":"publish","type":"page","link":"https:\/\/www.kimwilde.fr\/v2\/kim-wilde-ill-inspecta-baby-obey-me\/","title":{"rendered":"Kim Wilde &#038; Ill Inspecta &#8211; Baby Obey Me"},"content":{"rendered":"<p><a href=\"https:\/\/www.kimwilde.fr\/v2\/wp-content\/uploads\/2023\/05\/baby-obey-me-promo.jpg\"><img loading=\"lazy\" decoding=\"async\" class=\"alignright wp-image-16129\" src=\"https:\/\/www.kimwilde.fr\/v2\/wp-content\/uploads\/2023\/05\/baby-obey-me-promo-300x298.jpg\" alt=\"\" width=\"200\" height=\"199\" srcset=\"https:\/\/www.kimwilde.fr\/v2\/wp-content\/uploads\/2023\/05\/baby-obey-me-promo-300x298.jpg 300w, https:\/\/www.kimwilde.fr\/v2\/wp-content\/uploads\/2023\/05\/baby-obey-me-promo-150x150.jpg 150w, https:\/\/www.kimwilde.fr\/v2\/wp-content\/uploads\/2023\/05\/baby-obey-me-promo-100x100.jpg 100w, https:\/\/www.kimwilde.fr\/v2\/wp-content\/uploads\/2023\/05\/baby-obey-me-promo.jpg 350w\" sizes=\"auto, (max-width: 200px) 100vw, 200px\" \/><\/a><a href=\"https:\/\/www.kimwilde.fr\/v2\/wp-content\/uploads\/2023\/05\/kim-wilde-baby-obey-me.jpg\"><img loading=\"lazy\" decoding=\"async\" class=\"wp-image-16128 alignleft\" src=\"https:\/\/www.kimwilde.fr\/v2\/wp-content\/uploads\/2023\/05\/kim-wilde-baby-obey-me-300x300.jpg\" alt=\"\" width=\"200\" height=\"200\" srcset=\"https:\/\/www.kimwilde.fr\/v2\/wp-content\/uploads\/2023\/05\/kim-wilde-baby-obey-me-300x300.jpg 300w, https:\/\/www.kimwilde.fr\/v2\/wp-content\/uploads\/2023\/05\/kim-wilde-baby-obey-me-150x150.jpg 150w, https:\/\/www.kimwilde.fr\/v2\/wp-content\/uploads\/2023\/05\/kim-wilde-baby-obey-me-100x100.jpg 100w, https:\/\/www.kimwilde.fr\/v2\/wp-content\/uploads\/2023\/05\/kim-wilde-baby-obey-me.jpg 474w\" sizes=\"auto, (max-width: 200px) 100vw, 200px\" \/><\/a>Baby Obey Me est \u00e0 l&rsquo;origine issu de l&rsquo;album Never Say Never sorti le 8 septembre 2006. La chanson est \u00e9crite par R.E. Orrall, Jeff Coplan, Kim &amp; Ricky Wilde.<\/p>\n<p>Il existe 2 versions, la version album et la version single produit par Jeff Coplan qui inclut des voix rap suppl\u00e9mentaires sorti le 3 ao\u00fbt 2007.<\/p>\n<p>Pour cette derni\u00e8re, la famille Wilde a fait appel au rappeur allemand Ill Inspecta. Son d\u00e9bit aussi rapide qu&rsquo;ac\u00e9r\u00e9 s&rsquo;est fait entendre sur son hit <em>Rudeboy Anthem<\/em> mais aussi sur le Rodeo Riddim (sign\u00e9 Seeed) ou le Mad Paper.\u00a0<\/p>\n<p>\u00a0<\/p>\n\n\n<p class=\"has-text-align-center has-white-color has-text-color\">&#8212;<\/p>\n\n\n\n<div class=\"wp-block-columns is-layout-flex wp-container-core-columns-is-layout-1 wp-block-columns-is-layout-flex\">\n<div class=\"wp-block-column is-layout-flow wp-block-column-is-layout-flow\">\n<p>Le visuel de gauche contient 4 titres :<\/p>\n<ol>\n<li>Baby Obey Me (feat. Ill Inspecta)<\/li>\n<li>Baby Obey Me<\/li>\n<li>Enjoy the Silence (live)<\/li>\n<li>Kids in America (live)<\/li>\n<\/ol>\n<\/div>\n\n\n\n<div class=\"wp-block-column is-layout-flow wp-block-column-is-layout-flow\">\n<p>Le visuel de droite contient 2 titres (Promo):<\/p>\n<ol>\n<li>Baby Obey Me (feat. Ill Inspecta)<\/li>\n<li>Baby Obey Me<\/li>\n<\/ol>\n<\/div>\n<\/div>\n\n\n\n<p class=\"has-text-align-center\">Paroles<\/p>\n\n\n\n<div class=\"wp-block-columns is-layout-flex wp-container-core-columns-is-layout-2 wp-block-columns-is-layout-flex\">\n<div class=\"wp-block-column is-layout-flow wp-block-column-is-layout-flow\" style=\"flex-basis:25%\"><\/div>\n\n\n\n<div class=\"wp-block-column is-layout-flow wp-block-column-is-layout-flow\" style=\"flex-basis:50%\"><\/div>\n\n\n\n<div class=\"wp-block-column is-layout-flow wp-block-column-is-layout-flow\" style=\"flex-basis:25%\"><\/div>\n<\/div>\n\n\n\n<div class=\"wp-block-columns is-layout-flex wp-container-core-columns-is-layout-3 wp-block-columns-is-layout-flex\">\n<div class=\"wp-block-column is-layout-flow wp-block-column-is-layout-flow\">\n<p style=\"text-align: right;\">You promise to love me and stay by my side<br \/>To honor, respect me &#8217;till the day that I die<br \/>Now I don&rsquo;t wanna say that those words are not true<br \/>But this I should tell you before you say I do<\/p>\n<p style=\"text-align: right;\">Oh baby obey me and you won&rsquo;t regret it<br \/>Don&rsquo;t play me, betray me, &#8217;cause I won&rsquo;t forget it<br \/>But if you want my love &#8217;till you can&rsquo;t take any more<br \/>Oh baby obey me and I will be yours<\/p>\n<p style=\"text-align: right;\">Now love&rsquo;s so confusing when two people lead<br \/>So I&rsquo;m here to tell ya that&rsquo;s not what you need<br \/>It&rsquo;s not complicated just do as I say<br \/>I&rsquo;m ready to love you, let&rsquo;s go all the way<\/p>\n<p style=\"text-align: right;\">Oh baby obey me and you won&rsquo;t regret it<br \/>Don&rsquo;t play me, betray me, &#8217;cause I won&rsquo;t forget it<br \/>But if you want my love &#8217;till you can&rsquo;t take any more<br \/>Oh baby obey me and I will be yours<\/p>\n<\/div>\n\n\n\n<div class=\"wp-block-column is-layout-flow wp-block-column-is-layout-flow\">\n<p>Tu promets de m\u2019aimer et de rester \u00e0 mes c\u00f4t\u00e9s<br \/>Pour m\u2019honorer, me respecter jusqu\u2019au jour de ma mort<br \/>Maintenant, je ne veux pas dire que ces mots ne sont pas vrais<br \/>Mais cela, je devrais te le dire avant que tu ne dises que je le fais<\/p>\n<p>Oh b\u00e9b\u00e9 ob\u00e9is-moi et tu ne le regretteras pas<br \/>Ne me joue pas, trahit-moi, parce que je ne l\u2019oublierai pas<br \/>Mais si tu veux mon amour jusqu\u2019\u00e0 ce que tu n\u2019en puisses plus<br \/>Oh b\u00e9b\u00e9, ob\u00e9is-moi et je serai \u00e0 toi<\/p>\n<p>Maintenant, l\u2019amour est tellement d\u00e9routant quand deux personnes dirigent<br \/>Alors je suis ici pour te dire que ce n\u2019est pas ce dont tu as besoin<br \/>Ce n\u2019est pas compliqu\u00e9 de faire comme je dis<br \/>Je suis pr\u00eat \u00e0 t\u2019aimer, allons jusqu\u2019au bout<\/p>\n<p>Oh b\u00e9b\u00e9 ob\u00e9is-moi et tu ne le regretteras pas<br \/>Ne me joue pas, trahit-moi, parce que je ne l\u2019oublierai pas<br \/>Mais si tu veux mon amour jusqu\u2019\u00e0 ce que tu n\u2019en puisses plus<br \/>Oh b\u00e9b\u00e9, ob\u00e9is-moi et je serai \u00e0 toi<\/p>\n<\/div>\n<\/div>\n","protected":false},"excerpt":{"rendered":"<p class=\"excerpt\">Baby Obey Me est \u00e0 l&rsquo;origine issu de l&rsquo;album Never Say Never sorti le 8 septembre 2006. La chanson est \u00e9crite par R.E. Orrall, Jeff Coplan, Kim &amp; Ricky Wilde. Il existe 2 versions, la version album et la version single produit par Jeff Coplan qui inclut des voix rap suppl\u00e9mentaires sorti le 3 ao\u00fbt 2007. Pour cette derni\u00e8re, la&hellip; <a href=\"https:\/\/www.kimwilde.fr\/v2\/kim-wilde-ill-inspecta-baby-obey-me\/\">Lire plus &rarr;<\/a><\/p>\n","protected":false},"author":1,"featured_media":0,"parent":0,"menu_order":0,"comment_status":"closed","ping_status":"closed","template":"","meta":{"om_disable_all_campaigns":false,"_monsterinsights_skip_tracking":false,"_monsterinsights_sitenote_active":false,"_monsterinsights_sitenote_note":"","_monsterinsights_sitenote_category":0,"footnotes":""},"class_list":["post-16127","page","type-page","status-publish","hentry","xfolkentry"],"aioseo_notices":[],"_links":{"self":[{"href":"https:\/\/www.kimwilde.fr\/v2\/wp-json\/wp\/v2\/pages\/16127","targetHints":{"allow":["GET"]}}],"collection":[{"href":"https:\/\/www.kimwilde.fr\/v2\/wp-json\/wp\/v2\/pages"}],"about":[{"href":"https:\/\/www.kimwilde.fr\/v2\/wp-json\/wp\/v2\/types\/page"}],"author":[{"embeddable":true,"href":"https:\/\/www.kimwilde.fr\/v2\/wp-json\/wp\/v2\/users\/1"}],"replies":[{"embeddable":true,"href":"https:\/\/www.kimwilde.fr\/v2\/wp-json\/wp\/v2\/comments?post=16127"}],"version-history":[{"count":3,"href":"https:\/\/www.kimwilde.fr\/v2\/wp-json\/wp\/v2\/pages\/16127\/revisions"}],"predecessor-version":[{"id":16132,"href":"https:\/\/www.kimwilde.fr\/v2\/wp-json\/wp\/v2\/pages\/16127\/revisions\/16132"}],"wp:attachment":[{"href":"https:\/\/www.kimwilde.fr\/v2\/wp-json\/wp\/v2\/media?parent=16127"}],"curies":[{"name":"wp","href":"https:\/\/api.w.org\/{rel}","templated":true}]}}