{"id":1280,"date":"2015-03-15T16:54:35","date_gmt":"2015-03-15T16:54:35","guid":{"rendered":"http:\/\/www.kimwilde.fr\/v2\/?page_id=1280"},"modified":"2026-02-19T16:54:14","modified_gmt":"2026-02-19T16:54:14","slug":"lalbum-snapshots","status":"publish","type":"page","link":"https:\/\/www.kimwilde.fr\/v2\/lalbum-snapshots\/","title":{"rendered":"L&rsquo;album Snapshots"},"content":{"rendered":"<p style=\"text-align: justify;\">Publi\u00e9 en cd le 26 ao\u00fbt 2011 en Allemagne par Sony Music sous le label Columbia SevenOne Music. \u00c9galement sorti en version num\u00e9rique en\u00a0Suisse, au\u00a0Danemark\u00a0et au\u00a0Royaume-Uni\u00a0le 28 novembre 2011.<\/p>\n<div class=\"csRow\">\n<div class=\"csColumn\" style=\"margin: 0px; padding: 0px; float: left; width: 53.5%;\" data-csstartpoint=\"0\" data-csendpoint=\"514\" data-cswidth=\"53.5%\" data-csid=\"674f0aee-9606-9f5e-b5fd-f8936dfc877a\">\n<ol>\n<li>It&rsquo;s Alright \u00a0(East 17 \/1993)<\/li>\n<li>In Between Days &#8211;\u00a0(The Cure \/1985)<\/li>\n<li>About you Now\u00a0&#8211;\u00a0(The Sugababes \/2007)<\/li>\n<li>Sleeping Satellite\u00a0&#8211;\u00a0(Tasmin Archer \/1992)<\/li>\n<li>To France\u00a0&#8211;\u00a0(Mike Oldfield et Maggie Reilly \/1984)<\/li>\n<li>A little Respect\u00a0&#8211;\u00a0(Erasure \/1988)<\/li>\n<li>Remember me\u00a0&#8211;\u00a0(Diana Ross \/1970)<\/li>\n<li>Anyone who had a Heart &#8211;\u00a0(Cilla Black \/1964)<\/li>\n<li>Wonderful Life &#8211;\u00a0(Black a.k.a Colin Vearncombe \/1987)<\/li>\n<li>They don&rsquo;t Know\u00a0&#8211;\u00a0(Kirsty Mac Coll \/1979)<\/li>\n<li>Beautiful Ones &#8211;\u00a0(Suede \/1996)<\/li>\n<li>Just what I needed &#8211;\u00a0(The Cars \/1978)<\/li>\n<li>Ever Fallen in Love\u00a0&#8211;\u00a0(The Buzzcocks \/1978)<\/li>\n<li>Kooks\u00a0&#8211;\u00a0(David Bowie \/1971) &#8211; en duo avec Hal Fowler<\/li>\n<\/ol>\n<\/div>\n<div class=\"csColumn\" style=\"margin: 0px; padding: 0px; float: left; width: 20.9%;\" data-csstartpoint=\"514\" data-csendpoint=\"715\" data-cswidth=\"20.9%\" data-csid=\"94203987-9d3f-adce-a2e5-1e7c3e46dc64\">\n<p>\u00a0<\/p>\n<p>\u00a0<\/p>\n<p><a href=\"https:\/\/www.kimwilde.fr\/v2\/wp-content\/uploads\/2015\/01\/kimwildesnapshots.jpg\"><img loading=\"lazy\" decoding=\"async\" class=\"alignnone wp-image-1086 size-medium\" src=\"https:\/\/www.kimwilde.fr\/v2\/wp-content\/uploads\/2015\/01\/kimwildesnapshots-300x298.jpg\" alt=\"\" width=\"300\" height=\"298\" srcset=\"https:\/\/www.kimwilde.fr\/v2\/wp-content\/uploads\/2015\/01\/kimwildesnapshots-300x298.jpg 300w, https:\/\/www.kimwilde.fr\/v2\/wp-content\/uploads\/2015\/01\/kimwildesnapshots-150x150.jpg 150w, https:\/\/www.kimwilde.fr\/v2\/wp-content\/uploads\/2015\/01\/kimwildesnapshots-100x100.jpg 100w, https:\/\/www.kimwilde.fr\/v2\/wp-content\/uploads\/2015\/01\/kimwildesnapshots.jpg 600w\" sizes=\"auto, (max-width: 300px) 100vw, 300px\" \/><\/a><\/p>\n<\/div>\n<div class=\"csColumnGap\" style=\"margin: 0px; padding: 0px; float: left; width: 4.69%;\"><img decoding=\"async\" style=\"border: none;\" src=\"https:\/\/www.kimwilde.fr\/v2\/wp-content\/plugins\/advanced-wp-columns\/assets\/js\/plugins\/views\/img\/1x1-pixel.png\" alt=\"\" \/><\/div>\n<div class=\"csColumn\" style=\"margin: 0px; padding: 0px; float: left; width: 20.8%;\" data-csstartpoint=\"760\" data-csendpoint=\"960\" data-cswidth=\"20.8%\" data-csid=\"c8e9a136-0abd-3ba1-98fc-66de4fb6ec02\">\n<p>\u00a0<\/p>\n<p>\u00a0<\/p>\n<p><a href=\"https:\/\/www.kimwilde.fr\/v2\/wp-content\/uploads\/2015\/03\/snapshotsverso.jpg\"><img loading=\"lazy\" decoding=\"async\" class=\"alignnone wp-image-1282 size-full\" src=\"https:\/\/www.kimwilde.fr\/v2\/wp-content\/uploads\/2015\/03\/snapshotsverso.jpg\" alt=\"\" width=\"400\" height=\"336\" srcset=\"https:\/\/www.kimwilde.fr\/v2\/wp-content\/uploads\/2015\/03\/snapshotsverso.jpg 400w, https:\/\/www.kimwilde.fr\/v2\/wp-content\/uploads\/2015\/03\/snapshotsverso-300x252.jpg 300w\" sizes=\"auto, (max-width: 400px) 100vw, 400px\" \/><\/a><\/p>\n<\/div>\n<div style=\"clear: both; float: none; display: block; visibility: hidden; width: 0px; font-size: 0px; line-height: 0;\">\u00a0<\/div>\n<\/div>\n<p style=\"text-align: justify;\">C\u2019est le douzi\u00e8me album studio. L&rsquo;album est compos\u00e9 de reprises\u00a0qui ont marqu\u00e9 la vie de Kim, des ann\u00e9es soixante jusqu&rsquo;\u00e0 aujourd&rsquo;hui.<\/p>\n<p style=\"text-align: justify;\">Cinq mois auparavant, le 16 avril, Kim avait sollicit\u00e9 ses fans via Twitter : <em>\u00ab\u00a0hey les tweeters, si je faisais une reprise quelle chanson choisiriez-vous pour moi ?\u00a0\u00bb<\/em> Bien s\u00fbr beaucoup de propositions ont \u00e9t\u00e9 sugg\u00e9r\u00e9es et l\u2019album est un v\u00e9ritable floril\u00e8ge pop. La petite surprise c&rsquo;est que Hal Fowler, le mari de Kim, l&rsquo;accompagne sur le titre Kooks (reprise de David Bowie).<\/p>\n<p style=\"text-align: justify;\">L\u2019album est pr\u00e9c\u00e9d\u00e9 par la sortie, le 19 ao\u00fbt, d\u2019un double single compos\u00e9 des titres <em>Sleeping satellite<\/em> (reprise de l&rsquo;un des plus grands hits des ann\u00e9es 90 de Tasmin Archer) et <em>It&rsquo;s alright<\/em> (reprise du groupe East 17).<\/p>\n<p style=\"text-align: justify;\">Les deux autres singles tir\u00e9s de l&rsquo;album mais uniquement sortis en version num\u00e9rique sont\u00a0: <em>To France X-Mas Version<\/em> (version sp\u00e9ciale No\u00ebl cr\u00e9\u00e9e par Ricky Wilde) issu du titre <em>To France<\/em>\u00a0de\u00a0Mike Oldfield (1984) et\u00a0<em>Ever Fallen in Love<\/em>\u00a0des\u00a0Buzzcocks, qui inclut l&rsquo;in\u00e9dit <em>Spirit in the Sky<\/em> &#8211; reprise du chanteur et auteur compositeur am\u00e9ricain Norman Greenbaum (1969).<\/p>\n<p style=\"text-align: justify;\">A noter que la version num\u00e9rique de l&rsquo;album disponible sur\u00a0iTunes Store\u00a0propose en bonus le titre <em>I&rsquo;ll Stand by You<\/em>, reprise des Pretenders (1994), (chanson que Kim a d\u00e9j\u00e0 interpr\u00e9t\u00e9e lors de ces concerts en 2008, 2009 et 2010) ainsi que les clips vid\u00e9os de\u00a0<em>It&rsquo;s Alright<\/em>\u00a0et\u00a0<em>Sleeping Satellite<\/em>.<\/p>\n<p style=\"text-align: justify;\">Il existe \u00e9galement une version de l\u2019album publi\u00e9e par les magasins Saturn en Allemagne, intitul\u00e9e Snapshots Edition Sp\u00e9ciale Saturn. Cette \u00e9dition sp\u00e9ciale limit\u00e9e, inclus la chanson bonus <em>Forever Young<\/em>, reprise du groupe Alphaville (1984).<\/p>\n<p style=\"text-align: justify;\">La photo de l\u2019album a \u00e9t\u00e9 prise dans le somptueux couloir du &lsquo;Kameha Grand Hotel&rsquo; \u00e0 Bonn en Allemagne, lors du tournage des 3 clips vid\u00e9os r\u00e9alis\u00e9s par Nikolaj Georgiew. Le livret int\u00e9rieur repr\u00e9sente des photographies de toute la vie et la carri\u00e8re de Kim. La plupart d&rsquo;entre elles viennent de sa propre collection, il y en a de nouvelles prises par le photographe Nikolaj Georgiew et deux pages sont consacr\u00e9es \u00e0 celles envoy\u00e9es par les fans \u00e0 la suite d&rsquo;une demande sur le site officiel de Kim. La conception a \u00e9t\u00e9 faite par Benjamin Brauers et Florian Bredl.<\/p>\n<p style=\"text-align: center;\">&#8212;<\/p>\n<p style=\"text-align: center;\">Meilleurs classements\u00a0:<\/p>\n<p style=\"text-align: center;\">Allemagne = 14<sup> \u00e8me<\/sup>\u00a0 (4 semaines)<br \/>Suisse = 27<sup> \u00e8me<\/sup> (3 semaines)<\/p>\n<p style=\"text-align: center;\">&#8212;<\/p>\n<p style=\"text-align: center;\"><a href=\"https:\/\/www.kimwilde.fr\/v2\/wp-content\/uploads\/2015\/03\/Promo-snaphsots-danemark.jpg\"><img loading=\"lazy\" decoding=\"async\" class=\"alignnone wp-image-1289 size-medium\" src=\"https:\/\/www.kimwilde.fr\/v2\/wp-content\/uploads\/2015\/03\/Promo-snaphsots-danemark-300x162.jpg\" alt=\"\" width=\"300\" height=\"162\" srcset=\"https:\/\/www.kimwilde.fr\/v2\/wp-content\/uploads\/2015\/03\/Promo-snaphsots-danemark-300x162.jpg 300w, https:\/\/www.kimwilde.fr\/v2\/wp-content\/uploads\/2015\/03\/Promo-snaphsots-danemark.jpg 599w\" sizes=\"auto, (max-width: 300px) 100vw, 300px\" \/><\/a><\/p>\n<p style=\"text-align: center;\">Retrouvez tous les formats et visuels de tous pays via\u00a0<a href=\"https:\/\/www.wilde-life.com\/discography\/albums\/never-say-never\">www.wilde-life.com<\/a><\/p>\n<p style=\"text-align: center;\">&#8212;<\/p>\n<p style=\"text-align: center;\">Singles issus de l&rsquo;album : version cd\u00a0<em>It&rsquo;s Alright<\/em>\u00a0&amp;\u00a0<em>Sleeping Satellite<\/em><\/p>\n<p style=\"text-align: center;\"><a href=\"https:\/\/www.kimwilde.fr\/v2\/wp-content\/uploads\/2015\/01\/kim-wilde-its-alright-sleeping-satellite.jpg\"><img loading=\"lazy\" decoding=\"async\" class=\"alignnone  wp-image-1641\" src=\"https:\/\/www.kimwilde.fr\/v2\/wp-content\/uploads\/2015\/01\/kim-wilde-its-alright-sleeping-satellite-150x150.jpg\" alt=\"kim wilde it's alright &amp; sleeping satellite\" width=\"208\" height=\"208\" srcset=\"https:\/\/www.kimwilde.fr\/v2\/wp-content\/uploads\/2015\/01\/kim-wilde-its-alright-sleeping-satellite-150x150.jpg 150w, https:\/\/www.kimwilde.fr\/v2\/wp-content\/uploads\/2015\/01\/kim-wilde-its-alright-sleeping-satellite-100x100.jpg 100w\" sizes=\"auto, (max-width: 208px) 100vw, 208px\" \/><\/a><\/p>\n<p style=\"text-align: center;\">&#8212;<\/p>\n<p style=\"text-align: center;\">Visuels version num\u00e9rique<\/p>\n<p style=\"text-align: center;\">\u00a0<\/p>\n\n\n<figure class=\"wp-block-gallery has-nested-images columns-4 is-cropped wp-block-gallery-1 is-layout-flex wp-block-gallery-is-layout-flex\">\n<figure class=\"wp-block-image size-large\"><a href=\"https:\/\/www.kimwilde.fr\/v2\/wp-content\/uploads\/2023\/04\/carre-blanc-site-1.jpg\"><img loading=\"lazy\" decoding=\"async\" width=\"276\" height=\"225\" data-id=\"16010\" src=\"https:\/\/www.kimwilde.fr\/v2\/wp-content\/uploads\/2023\/04\/carre-blanc-site-1.jpg\" alt=\"\" class=\"wp-image-16010\"\/><\/a><\/figure>\n\n\n\n<figure class=\"wp-block-image size-large\"><a href=\"https:\/\/www.kimwilde.fr\/v2\/wp-content\/uploads\/2015\/03\/kim-wilde-to-france.jpg\"><img loading=\"lazy\" decoding=\"async\" width=\"400\" height=\"400\" data-id=\"3398\" src=\"https:\/\/www.kimwilde.fr\/v2\/wp-content\/uploads\/2015\/03\/kim-wilde-to-france.jpg\" alt=\"\" class=\"wp-image-3398\" srcset=\"https:\/\/www.kimwilde.fr\/v2\/wp-content\/uploads\/2015\/03\/kim-wilde-to-france.jpg 400w, https:\/\/www.kimwilde.fr\/v2\/wp-content\/uploads\/2015\/03\/kim-wilde-to-france-150x150.jpg 150w, https:\/\/www.kimwilde.fr\/v2\/wp-content\/uploads\/2015\/03\/kim-wilde-to-france-300x300.jpg 300w, https:\/\/www.kimwilde.fr\/v2\/wp-content\/uploads\/2015\/03\/kim-wilde-to-france-100x100.jpg 100w\" sizes=\"auto, (max-width: 400px) 100vw, 400px\" \/><\/a><\/figure>\n\n\n\n<figure class=\"wp-block-image size-large\"><a href=\"https:\/\/www.kimwilde.fr\/v2\/wp-content\/uploads\/2015\/03\/kim-wilde-ever-fallen-in-love.jpg\"><img loading=\"lazy\" decoding=\"async\" width=\"300\" height=\"300\" data-id=\"3399\" src=\"https:\/\/www.kimwilde.fr\/v2\/wp-content\/uploads\/2015\/03\/kim-wilde-ever-fallen-in-love.jpg\" alt=\"\" class=\"wp-image-3399\" srcset=\"https:\/\/www.kimwilde.fr\/v2\/wp-content\/uploads\/2015\/03\/kim-wilde-ever-fallen-in-love.jpg 300w, https:\/\/www.kimwilde.fr\/v2\/wp-content\/uploads\/2015\/03\/kim-wilde-ever-fallen-in-love-150x150.jpg 150w, https:\/\/www.kimwilde.fr\/v2\/wp-content\/uploads\/2015\/03\/kim-wilde-ever-fallen-in-love-100x100.jpg 100w\" sizes=\"auto, (max-width: 300px) 100vw, 300px\" \/><\/a><\/figure>\n\n\n\n<figure class=\"wp-block-image size-large\"><a href=\"https:\/\/www.kimwilde.fr\/v2\/wp-content\/uploads\/2020\/02\/blanc.jpg\"><img loading=\"lazy\" decoding=\"async\" width=\"246\" height=\"238\" data-id=\"9395\" src=\"https:\/\/www.kimwilde.fr\/v2\/wp-content\/uploads\/2020\/02\/blanc.jpg\" alt=\"\" class=\"wp-image-9395\"\/><\/a><\/figure>\n<\/figure>\n\n\n\n<p class=\"has-text-align-center\">\u00a0&#8212;<\/p>\n\n\n\n<p class=\"has-text-align-center\">L&rsquo;album suivant :<\/p>\n\n\n<div class=\"wp-block-image\">\n<figure class=\"aligncenter is-resized\"><a href=\"https:\/\/www.kimwilde.fr\/v2\/?page_id=1333\"><img loading=\"lazy\" decoding=\"async\" width=\"150\" height=\"150\" src=\"https:\/\/www.kimwilde.fr\/v2\/wp-content\/uploads\/2015\/01\/91zV7u23MAL._SL1500_-150x150.jpg\" alt=\"\" class=\"wp-image-1500\" style=\"width:262px;height:auto\" srcset=\"https:\/\/www.kimwilde.fr\/v2\/wp-content\/uploads\/2015\/01\/91zV7u23MAL._SL1500_-150x150.jpg 150w, https:\/\/www.kimwilde.fr\/v2\/wp-content\/uploads\/2015\/01\/91zV7u23MAL._SL1500_-100x100.jpg 100w\" sizes=\"auto, (max-width: 150px) 100vw, 150px\" \/><\/a><\/figure><\/div>\n\n\n<p class=\"has-text-align-center\">Sources&nbsp;: <a href=\"http:\/\/fr.wikipedia.org\">http:\/\/fr.wikipedia.org<\/a> et <a href=\"https:\/\/www.wilde-life.com\">https:\/\/www.wilde-life.com<\/a><\/p>\n","protected":false},"excerpt":{"rendered":"<p class=\"excerpt\">Publi\u00e9 en cd le 26 ao\u00fbt 2011 en Allemagne par Sony Music sous le label Columbia SevenOne Music. \u00c9galement sorti en version num\u00e9rique en\u00a0Suisse, au\u00a0Danemark\u00a0et au\u00a0Royaume-Uni\u00a0le 28 novembre 2011. It&rsquo;s Alright \u00a0(East 17 \/1993) In Between Days &#8211;\u00a0(The Cure \/1985) About you Now\u00a0&#8211;\u00a0(The Sugababes \/2007) Sleeping Satellite\u00a0&#8211;\u00a0(Tasmin Archer \/1992) To France\u00a0&#8211;\u00a0(Mike Oldfield et Maggie Reilly \/1984) A little Respect\u00a0&#8211;\u00a0(Erasure \/1988)&hellip; <a href=\"https:\/\/www.kimwilde.fr\/v2\/lalbum-snapshots\/\">Lire plus &rarr;<\/a><\/p>\n","protected":false},"author":1,"featured_media":0,"parent":0,"menu_order":0,"comment_status":"closed","ping_status":"closed","template":"","meta":{"om_disable_all_campaigns":false,"_monsterinsights_skip_tracking":false,"_monsterinsights_sitenote_active":false,"_monsterinsights_sitenote_note":"","_monsterinsights_sitenote_category":0,"footnotes":""},"class_list":["post-1280","page","type-page","status-publish","hentry","xfolkentry"],"aioseo_notices":[],"_links":{"self":[{"href":"https:\/\/www.kimwilde.fr\/v2\/wp-json\/wp\/v2\/pages\/1280","targetHints":{"allow":["GET"]}}],"collection":[{"href":"https:\/\/www.kimwilde.fr\/v2\/wp-json\/wp\/v2\/pages"}],"about":[{"href":"https:\/\/www.kimwilde.fr\/v2\/wp-json\/wp\/v2\/types\/page"}],"author":[{"embeddable":true,"href":"https:\/\/www.kimwilde.fr\/v2\/wp-json\/wp\/v2\/users\/1"}],"replies":[{"embeddable":true,"href":"https:\/\/www.kimwilde.fr\/v2\/wp-json\/wp\/v2\/comments?post=1280"}],"version-history":[{"count":24,"href":"https:\/\/www.kimwilde.fr\/v2\/wp-json\/wp\/v2\/pages\/1280\/revisions"}],"predecessor-version":[{"id":20181,"href":"https:\/\/www.kimwilde.fr\/v2\/wp-json\/wp\/v2\/pages\/1280\/revisions\/20181"}],"wp:attachment":[{"href":"https:\/\/www.kimwilde.fr\/v2\/wp-json\/wp\/v2\/media?parent=1280"}],"curies":[{"name":"wp","href":"https:\/\/api.w.org\/{rel}","templated":true}]}}